{"id":2361,"date":"2023-11-28T16:02:54","date_gmt":"2023-11-28T15:02:54","guid":{"rendered":"https:\/\/ffrd.o3creative.fr\/the-foundation\/statutes\/"},"modified":"2023-12-18T14:08:44","modified_gmt":"2023-12-18T13:08:44","slug":"statutes","status":"publish","type":"page","link":"https:\/\/www.ffrdiabete.org\/en\/the-foundation\/statutes\/","title":{"rendered":"Statutes"},"content":{"rendered":"<div class=\"wpb-content-wrapper\"><p>[vc_row][vc_column][ffrd_title title_level=&#8221;2&#8243; title_align=&#8221;title_align_left&#8221;]Statutes[\/ffrd_title][vc_empty_space height=&#8221;64px&#8221;][vc_row_inner equal_height=&#8221;yes&#8221; content_placement=&#8221;middle&#8221;][vc_column_inner width=&#8221;2\/3&#8243;][vc_column_text]<strong>THE FRANCOPHONE FOUNDATION FOR RESEARCH ON DIABETES (FFRD)<\/strong><\/p>\n<p>&nbsp;<\/p>\n<p><strong>The Foundation<\/strong> aims to promote research on diabetes and associated pathologies with a view to advancing knowledge and improving the quality of care provided to the patients concerned. <strong>This Foundation<\/strong> is founded by the Soci\u00e9t\u00e9 Francophone du Diab\u00e8te (SFD).<\/p>\n<p>The objectives of <strong>the Foundation<\/strong> are to:<\/p>\n<p><strong>Promote and support research on diabetes and associated pathologies<\/strong>, in particular through public or private collaborations.<\/p>\n<p>&nbsp;<\/p>\n<p>Its duration is unlimited \u2026[\/vc_column_text][\/vc_column_inner][vc_column_inner width=&#8221;1\/3&#8243;][vc_single_image image=&#8221;2314&#8243; img_size=&#8221;full&#8221; onclick=&#8221;custom_link&#8221; img_link_target=&#8221;_blank&#8221; image_hovers=&#8221;false&#8221; link=&#8221;https:\/\/www.ffrdiabete.org\/wp-content\/uploads\/2023\/11\/Statuts-FFRD_2014.pdf&#8221; css=&#8221;.vc_custom_1701183932387{border: 1px solid #111111 !important;}&#8221;]<style type=\"text\/css\" data-type=\"the7_shortcodes-inline-css\">#default-btn-167a6cb9c8b55133f7d395506113c15c.ico-right-side > i {\n  margin-right: 0px;\n  margin-left: 8px;\n}\n#default-btn-167a6cb9c8b55133f7d395506113c15c > i {\n  margin-right: 8px;\n}<\/style><div class=\"btn-align-center\"><a href=\"https:\/\/www.ffrdiabete.org\/wp-content\/uploads\/2023\/11\/Statuts-FFRD_2014.pdf\" class=\"default-btn-shortcode dt-btn dt-btn-s link-hover-off \" target=\"_blank\" id=\"default-btn-167a6cb9c8b55133f7d395506113c15c\" rel=\"noopener\"><span>Download statutes<\/span><\/a><\/div>[\/vc_column_inner][\/vc_row_inner][\/vc_column][\/vc_row]<\/p>\n<\/div>","protected":false},"excerpt":{"rendered":"<p>[vc_row][vc_column][ffrd_title title_level=&#8221;2&#8243; title_align=&#8221;title_align_left&#8221;]Statutes[\/ffrd_title][vc_empty_space height=&#8221;64px&#8221;][vc_row_inner equal_height=&#8221;yes&#8221; content_placement=&#8221;middle&#8221;][vc_column_inner width=&#8221;2\/3&#8243;][vc_column_text]THE FRANCOPHONE FOUNDATION FOR RESEARCH ON DIABETES (FFRD) &nbsp; The Foundation aims to promote research on diabetes and associated pathologies with a view to advancing knowledge and improving the quality of care provided to the patients concerned. This Foundation is founded by the Soci\u00e9t\u00e9 Francophone du Diab\u00e8te (SFD). The&hellip;<\/p>\n","protected":false},"author":1,"featured_media":0,"parent":2119,"menu_order":1,"comment_status":"closed","ping_status":"closed","template":"","meta":{"_acf_changed":false,"footnotes":""},"class_list":["post-2361","page","type-page","status-publish","hentry","description-off"],"acf":[],"yoast_head":"<!-- This site is optimized with the Yoast SEO plugin v27.3 - https:\/\/yoast.com\/product\/yoast-seo-wordpress\/ -->\n<title>Statutes - Fondation Francophone pour la Recherche sur le Diab\u00e8te - FFRD<\/title>\n<meta name=\"description\" content=\"The statutes of the FFRD, a foundation recognized as a public utility.\" \/>\n<meta name=\"robots\" content=\"index, follow, max-snippet:-1, max-image-preview:large, max-video-preview:-1\" \/>\n<link rel=\"canonical\" href=\"https:\/\/www.ffrdiabete.org\/en\/the-foundation\/statutes\/\" \/>\n<meta property=\"og:locale\" content=\"en_US\" \/>\n<meta property=\"og:type\" content=\"article\" \/>\n<meta property=\"og:title\" content=\"Statutes - Fondation Francophone pour la Recherche sur le Diab\u00e8te - FFRD\" \/>\n<meta property=\"og:description\" content=\"The statutes of the FFRD, a foundation recognized as a public utility.\" \/>\n<meta property=\"og:url\" content=\"https:\/\/www.ffrdiabete.org\/en\/the-foundation\/statutes\/\" \/>\n<meta property=\"og:site_name\" content=\"Fondation Francophone pour la Recherche sur le Diab\u00e8te - FFRD\" \/>\n<meta property=\"article:modified_time\" content=\"2023-12-18T13:08:44+00:00\" \/>\n<meta property=\"og:image\" content=\"https:\/\/www.ffrdiabete.org\/wp-content\/uploads\/2023\/12\/Fondation-Francophone-pour-la-Recherche-sur-le-Diabete-FFRD.jpeg\" \/>\n\t<meta property=\"og:image:width\" content=\"1200\" \/>\n\t<meta property=\"og:image:height\" content=\"675\" \/>\n\t<meta property=\"og:image:type\" content=\"image\/jpeg\" \/>\n<meta name=\"twitter:card\" content=\"summary_large_image\" \/>\n<meta name=\"twitter:site\" content=\"@FondationFFRD\" \/>\n<meta name=\"twitter:label1\" content=\"Est. reading time\" \/>\n\t<meta name=\"twitter:data1\" content=\"1 minute\" \/>\n<script type=\"application\/ld+json\" class=\"yoast-schema-graph\">{\"@context\":\"https:\\\/\\\/schema.org\",\"@graph\":[{\"@type\":\"WebPage\",\"@id\":\"https:\\\/\\\/www.ffrdiabete.org\\\/en\\\/the-foundation\\\/statutes\\\/\",\"url\":\"https:\\\/\\\/www.ffrdiabete.org\\\/en\\\/the-foundation\\\/statutes\\\/\",\"name\":\"Statutes - Fondation Francophone pour la Recherche sur le Diab\u00e8te - FFRD\",\"isPartOf\":{\"@id\":\"https:\\\/\\\/www.ffrdiabete.org\\\/en\\\/#website\"},\"datePublished\":\"2023-11-28T15:02:54+00:00\",\"dateModified\":\"2023-12-18T13:08:44+00:00\",\"description\":\"The statutes of the FFRD, a foundation recognized as a public utility.\",\"breadcrumb\":{\"@id\":\"https:\\\/\\\/www.ffrdiabete.org\\\/en\\\/the-foundation\\\/statutes\\\/#breadcrumb\"},\"inLanguage\":\"en-US\",\"potentialAction\":[{\"@type\":\"ReadAction\",\"target\":[\"https:\\\/\\\/www.ffrdiabete.org\\\/en\\\/the-foundation\\\/statutes\\\/\"]}]},{\"@type\":\"BreadcrumbList\",\"@id\":\"https:\\\/\\\/www.ffrdiabete.org\\\/en\\\/the-foundation\\\/statutes\\\/#breadcrumb\",\"itemListElement\":[{\"@type\":\"ListItem\",\"position\":1,\"name\":\"Accueil\",\"item\":\"https:\\\/\\\/www.ffrdiabete.org\\\/en\\\/\"},{\"@type\":\"ListItem\",\"position\":2,\"name\":\"The foundation\",\"item\":\"https:\\\/\\\/www.ffrdiabete.org\\\/en\\\/the-foundation\\\/\"},{\"@type\":\"ListItem\",\"position\":3,\"name\":\"Statutes\"}]},{\"@type\":\"WebSite\",\"@id\":\"https:\\\/\\\/www.ffrdiabete.org\\\/en\\\/#website\",\"url\":\"https:\\\/\\\/www.ffrdiabete.org\\\/en\\\/\",\"name\":\"Fondation Francophone pour la Recherche sur le Diab\u00e8te - FFRD\",\"description\":\"Pour que la recherche sur le diab\u00e8te avance\",\"publisher\":{\"@id\":\"https:\\\/\\\/www.ffrdiabete.org\\\/en\\\/#organization\"},\"alternateName\":\"FFRD\",\"potentialAction\":[{\"@type\":\"SearchAction\",\"target\":{\"@type\":\"EntryPoint\",\"urlTemplate\":\"https:\\\/\\\/www.ffrdiabete.org\\\/en\\\/?s={search_term_string}\"},\"query-input\":{\"@type\":\"PropertyValueSpecification\",\"valueRequired\":true,\"valueName\":\"search_term_string\"}}],\"inLanguage\":\"en-US\"},{\"@type\":\"Organization\",\"@id\":\"https:\\\/\\\/www.ffrdiabete.org\\\/en\\\/#organization\",\"name\":\"Fondation Francophone pour la Recherche sur le Diab\u00e8te - FFRD\",\"alternateName\":\"FFRD\",\"url\":\"https:\\\/\\\/www.ffrdiabete.org\\\/en\\\/\",\"logo\":{\"@type\":\"ImageObject\",\"inLanguage\":\"en-US\",\"@id\":\"https:\\\/\\\/www.ffrdiabete.org\\\/en\\\/#\\\/schema\\\/logo\\\/image\\\/\",\"url\":\"https:\\\/\\\/www.ffrdiabete.org\\\/wp-content\\\/uploads\\\/2023\\\/08\\\/FFRD-logo-main-retrina.png\",\"contentUrl\":\"https:\\\/\\\/www.ffrdiabete.org\\\/wp-content\\\/uploads\\\/2023\\\/08\\\/FFRD-logo-main-retrina.png\",\"width\":462,\"height\":211,\"caption\":\"Fondation Francophone pour la Recherche sur le Diab\u00e8te - FFRD\"},\"image\":{\"@id\":\"https:\\\/\\\/www.ffrdiabete.org\\\/en\\\/#\\\/schema\\\/logo\\\/image\\\/\"},\"sameAs\":[\"https:\\\/\\\/x.com\\\/FondationFFRD\",\"https:\\\/\\\/www.linkedin.com\\\/company\\\/fondation-francophone-pour-la-recherche-sur-le-diabte---ffrd\\\/\"]}]}<\/script>\n<!-- \/ Yoast SEO plugin. -->","yoast_head_json":{"title":"Statutes - Fondation Francophone pour la Recherche sur le Diab\u00e8te - FFRD","description":"The statutes of the FFRD, a foundation recognized as a public utility.","robots":{"index":"index","follow":"follow","max-snippet":"max-snippet:-1","max-image-preview":"max-image-preview:large","max-video-preview":"max-video-preview:-1"},"canonical":"https:\/\/www.ffrdiabete.org\/en\/the-foundation\/statutes\/","og_locale":"en_US","og_type":"article","og_title":"Statutes - Fondation Francophone pour la Recherche sur le Diab\u00e8te - FFRD","og_description":"The statutes of the FFRD, a foundation recognized as a public utility.","og_url":"https:\/\/www.ffrdiabete.org\/en\/the-foundation\/statutes\/","og_site_name":"Fondation Francophone pour la Recherche sur le Diab\u00e8te - FFRD","article_modified_time":"2023-12-18T13:08:44+00:00","og_image":[{"width":1200,"height":675,"url":"https:\/\/www.ffrdiabete.org\/wp-content\/uploads\/2023\/12\/Fondation-Francophone-pour-la-Recherche-sur-le-Diabete-FFRD.jpeg","type":"image\/jpeg"}],"twitter_card":"summary_large_image","twitter_site":"@FondationFFRD","twitter_misc":{"Est. reading time":"1 minute"},"schema":{"@context":"https:\/\/schema.org","@graph":[{"@type":"WebPage","@id":"https:\/\/www.ffrdiabete.org\/en\/the-foundation\/statutes\/","url":"https:\/\/www.ffrdiabete.org\/en\/the-foundation\/statutes\/","name":"Statutes - Fondation Francophone pour la Recherche sur le Diab\u00e8te - FFRD","isPartOf":{"@id":"https:\/\/www.ffrdiabete.org\/en\/#website"},"datePublished":"2023-11-28T15:02:54+00:00","dateModified":"2023-12-18T13:08:44+00:00","description":"The statutes of the FFRD, a foundation recognized as a public utility.","breadcrumb":{"@id":"https:\/\/www.ffrdiabete.org\/en\/the-foundation\/statutes\/#breadcrumb"},"inLanguage":"en-US","potentialAction":[{"@type":"ReadAction","target":["https:\/\/www.ffrdiabete.org\/en\/the-foundation\/statutes\/"]}]},{"@type":"BreadcrumbList","@id":"https:\/\/www.ffrdiabete.org\/en\/the-foundation\/statutes\/#breadcrumb","itemListElement":[{"@type":"ListItem","position":1,"name":"Accueil","item":"https:\/\/www.ffrdiabete.org\/en\/"},{"@type":"ListItem","position":2,"name":"The foundation","item":"https:\/\/www.ffrdiabete.org\/en\/the-foundation\/"},{"@type":"ListItem","position":3,"name":"Statutes"}]},{"@type":"WebSite","@id":"https:\/\/www.ffrdiabete.org\/en\/#website","url":"https:\/\/www.ffrdiabete.org\/en\/","name":"Fondation Francophone pour la Recherche sur le Diab\u00e8te - FFRD","description":"Pour que la recherche sur le diab\u00e8te avance","publisher":{"@id":"https:\/\/www.ffrdiabete.org\/en\/#organization"},"alternateName":"FFRD","potentialAction":[{"@type":"SearchAction","target":{"@type":"EntryPoint","urlTemplate":"https:\/\/www.ffrdiabete.org\/en\/?s={search_term_string}"},"query-input":{"@type":"PropertyValueSpecification","valueRequired":true,"valueName":"search_term_string"}}],"inLanguage":"en-US"},{"@type":"Organization","@id":"https:\/\/www.ffrdiabete.org\/en\/#organization","name":"Fondation Francophone pour la Recherche sur le Diab\u00e8te - FFRD","alternateName":"FFRD","url":"https:\/\/www.ffrdiabete.org\/en\/","logo":{"@type":"ImageObject","inLanguage":"en-US","@id":"https:\/\/www.ffrdiabete.org\/en\/#\/schema\/logo\/image\/","url":"https:\/\/www.ffrdiabete.org\/wp-content\/uploads\/2023\/08\/FFRD-logo-main-retrina.png","contentUrl":"https:\/\/www.ffrdiabete.org\/wp-content\/uploads\/2023\/08\/FFRD-logo-main-retrina.png","width":462,"height":211,"caption":"Fondation Francophone pour la Recherche sur le Diab\u00e8te - FFRD"},"image":{"@id":"https:\/\/www.ffrdiabete.org\/en\/#\/schema\/logo\/image\/"},"sameAs":["https:\/\/x.com\/FondationFFRD","https:\/\/www.linkedin.com\/company\/fondation-francophone-pour-la-recherche-sur-le-diabte---ffrd\/"]}]}},"_links":{"self":[{"href":"https:\/\/www.ffrdiabete.org\/en\/wp-json\/wp\/v2\/pages\/2361","targetHints":{"allow":["GET"]}}],"collection":[{"href":"https:\/\/www.ffrdiabete.org\/en\/wp-json\/wp\/v2\/pages"}],"about":[{"href":"https:\/\/www.ffrdiabete.org\/en\/wp-json\/wp\/v2\/types\/page"}],"author":[{"embeddable":true,"href":"https:\/\/www.ffrdiabete.org\/en\/wp-json\/wp\/v2\/users\/1"}],"replies":[{"embeddable":true,"href":"https:\/\/www.ffrdiabete.org\/en\/wp-json\/wp\/v2\/comments?post=2361"}],"version-history":[{"count":4,"href":"https:\/\/www.ffrdiabete.org\/en\/wp-json\/wp\/v2\/pages\/2361\/revisions"}],"predecessor-version":[{"id":4890,"href":"https:\/\/www.ffrdiabete.org\/en\/wp-json\/wp\/v2\/pages\/2361\/revisions\/4890"}],"up":[{"embeddable":true,"href":"https:\/\/www.ffrdiabete.org\/en\/wp-json\/wp\/v2\/pages\/2119"}],"wp:attachment":[{"href":"https:\/\/www.ffrdiabete.org\/en\/wp-json\/wp\/v2\/media?parent=2361"}],"curies":[{"name":"wp","href":"https:\/\/api.w.org\/{rel}","templated":true}]}}