{"id":2030,"date":"2023-11-27T14:01:06","date_gmt":"2023-11-27T13:01:06","guid":{"rendered":"https:\/\/ffrd.o3creative.fr\/the-foundation\/our-organization\/"},"modified":"2023-12-18T13:48:25","modified_gmt":"2023-12-18T12:48:25","slug":"our-organization","status":"publish","type":"page","link":"https:\/\/www.ffrdiabete.org\/en\/the-foundation\/our-organization\/","title":{"rendered":"Our organization"},"content":{"rendered":"<div class=\"wpb-content-wrapper\"><p>[vc_row][vc_column][ffrd_title title_level=&#8221;2&#8243; title_align=&#8221;title_align_left&#8221;]Our organization[\/ffrd_title][vc_empty_space height=&#8221;64px&#8221;][vc_column_text]<strong>The Fondation Francophone pour la Recherche sur le Diab\u00e8te &#8211; FFRD<\/strong> &#8211; includes :<\/p>\n<p>&nbsp;<\/p>\n<ul>\n<li>a <strong>Genral Committee<\/strong> (Chairman, Vice-Chairman, General Secretary and Treasurer),<\/li>\n<li>a <strong>Scientific Council<\/strong> (16 members, including the Chairman of the Scientific Advisory Board of the Soci\u00e9t\u00e9 Francophone du Diab\u00e8te &#8211; SFD)<\/li>\n<li>a <strong>Board of Directors<\/strong> (3 colleges of 4 members and a Government Commissioner).<\/li>\n<\/ul>\n<p>[\/vc_column_text][vc_empty_space height=&#8221;64px&#8221;][\/vc_column][\/vc_row][vc_row][vc_column width=&#8221;1\/3&#8243;]<style type=\"text\/css\" data-type=\"the7_shortcodes-inline-css\">#default-btn-8ccbc231e07152b8144eb2c74fc82be3.ico-right-side > i {\n  margin-right: 0px;\n  margin-left: 8px;\n}\n#default-btn-8ccbc231e07152b8144eb2c74fc82be3 > i {\n  margin-right: 8px;\n}<\/style><div class=\"btn-align-center\"><a href=\"https:\/\/www.ffrdiabete.org\/la-fondation\/notre-organisation\/le-bureau\/\" class=\"default-btn-shortcode dt-btn dt-btn-m link-hover-off \" id=\"default-btn-8ccbc231e07152b8144eb2c74fc82be3\" title=\"Le bureau\"><span>The general committee<\/span><\/a><\/div>[vc_empty_space][\/vc_column][vc_column width=&#8221;1\/3&#8243;]<style type=\"text\/css\" data-type=\"the7_shortcodes-inline-css\">#default-btn-de7ac864b3ee80533a592a001895c454.ico-right-side > i {\n  margin-right: 0px;\n  margin-left: 8px;\n}\n#default-btn-de7ac864b3ee80533a592a001895c454 > i {\n  margin-right: 8px;\n}<\/style><div class=\"btn-align-center\"><a href=\"https:\/\/www.ffrdiabete.org\/la-fondation\/notre-organisation\/le-conseil-scientifique\/\" class=\"default-btn-shortcode dt-btn dt-btn-m link-hover-off \" id=\"default-btn-de7ac864b3ee80533a592a001895c454\" title=\"Le bureau\"><span>The scientific council<\/span><\/a><\/div>[vc_empty_space][\/vc_column][vc_column width=&#8221;1\/3&#8243;]<style type=\"text\/css\" data-type=\"the7_shortcodes-inline-css\">#default-btn-3f613b335dc157b053288adba7e26935.ico-right-side > i {\n  margin-right: 0px;\n  margin-left: 8px;\n}\n#default-btn-3f613b335dc157b053288adba7e26935 > i {\n  margin-right: 8px;\n}<\/style><div class=\"btn-align-center\"><a href=\"https:\/\/www.ffrdiabete.org\/la-fondation\/notre-organisation\/le-conseil-dadministration\/\" class=\"default-btn-shortcode dt-btn dt-btn-m link-hover-off \" id=\"default-btn-3f613b335dc157b053288adba7e26935\" title=\"Le bureau\"><span>The board of directors<\/span><\/a><\/div>[vc_empty_space][\/vc_column][\/vc_row][vc_row height=&#8221;64px&#8221;][vc_column][vc_empty_space height=&#8221;128px&#8221;][\/vc_column][\/vc_row]<\/p>\n<\/div>","protected":false},"excerpt":{"rendered":"<p>[vc_row][vc_column][ffrd_title title_level=&#8221;2&#8243; title_align=&#8221;title_align_left&#8221;]Our organization[\/ffrd_title][vc_empty_space height=&#8221;64px&#8221;][vc_column_text]The Fondation Francophone pour la Recherche sur le Diab\u00e8te &#8211; FFRD &#8211; includes : &nbsp; a Genral Committee (Chairman, Vice-Chairman, General Secretary and Treasurer), a Scientific Council (16 members, including the Chairman of the Scientific Advisory Board of the Soci\u00e9t\u00e9 Francophone du Diab\u00e8te &#8211; SFD) a Board of Directors (3 colleges&hellip;<\/p>\n","protected":false},"author":1,"featured_media":0,"parent":2119,"menu_order":4,"comment_status":"closed","ping_status":"closed","template":"","meta":{"_acf_changed":false,"footnotes":""},"class_list":["post-2030","page","type-page","status-publish","hentry","description-off"],"acf":[],"yoast_head":"<!-- This site is optimized with the Yoast SEO plugin v27.4 - https:\/\/yoast.com\/product\/yoast-seo-wordpress\/ -->\n<title>Our organization - Fondation Francophone pour la Recherche sur le Diab\u00e8te - FFRD<\/title>\n<meta name=\"description\" content=\"The FFRD consists of a Bureau with 5 members, a Scientific Council with 16 members, and a Board of Directors with a Government Commissioner.\" \/>\n<meta name=\"robots\" content=\"index, follow, max-snippet:-1, max-image-preview:large, max-video-preview:-1\" \/>\n<link rel=\"canonical\" href=\"https:\/\/www.ffrdiabete.org\/en\/the-foundation\/our-organization\/\" \/>\n<meta property=\"og:locale\" content=\"en_US\" \/>\n<meta property=\"og:type\" content=\"article\" \/>\n<meta property=\"og:title\" content=\"Our organization - Fondation Francophone pour la Recherche sur le Diab\u00e8te - FFRD\" \/>\n<meta property=\"og:description\" content=\"The FFRD consists of a Bureau with 5 members, a Scientific Council with 16 members, and a Board of Directors with a Government Commissioner.\" \/>\n<meta property=\"og:url\" content=\"https:\/\/www.ffrdiabete.org\/en\/the-foundation\/our-organization\/\" \/>\n<meta property=\"og:site_name\" content=\"Fondation Francophone pour la Recherche sur le Diab\u00e8te - FFRD\" \/>\n<meta property=\"article:modified_time\" content=\"2023-12-18T12:48:25+00:00\" \/>\n<meta property=\"og:image\" content=\"https:\/\/www.ffrdiabete.org\/wp-content\/uploads\/2023\/12\/Fondation-Francophone-pour-la-Recherche-sur-le-Diabete-FFRD.jpeg\" \/>\n\t<meta property=\"og:image:width\" content=\"1200\" \/>\n\t<meta property=\"og:image:height\" content=\"675\" \/>\n\t<meta property=\"og:image:type\" content=\"image\/jpeg\" \/>\n<meta name=\"twitter:card\" content=\"summary_large_image\" \/>\n<meta name=\"twitter:site\" content=\"@FondationFFRD\" \/>\n<meta name=\"twitter:label1\" content=\"Est. reading time\" \/>\n\t<meta name=\"twitter:data1\" content=\"1 minute\" \/>\n<script type=\"application\/ld+json\" class=\"yoast-schema-graph\">{\"@context\":\"https:\\\/\\\/schema.org\",\"@graph\":[{\"@type\":\"WebPage\",\"@id\":\"https:\\\/\\\/www.ffrdiabete.org\\\/en\\\/the-foundation\\\/our-organization\\\/\",\"url\":\"https:\\\/\\\/www.ffrdiabete.org\\\/en\\\/the-foundation\\\/our-organization\\\/\",\"name\":\"Our organization - Fondation Francophone pour la Recherche sur le Diab\u00e8te - FFRD\",\"isPartOf\":{\"@id\":\"https:\\\/\\\/www.ffrdiabete.org\\\/en\\\/#website\"},\"datePublished\":\"2023-11-27T13:01:06+00:00\",\"dateModified\":\"2023-12-18T12:48:25+00:00\",\"description\":\"The FFRD consists of a Bureau with 5 members, a Scientific Council with 16 members, and a Board of Directors with a Government Commissioner.\",\"breadcrumb\":{\"@id\":\"https:\\\/\\\/www.ffrdiabete.org\\\/en\\\/the-foundation\\\/our-organization\\\/#breadcrumb\"},\"inLanguage\":\"en-US\",\"potentialAction\":[{\"@type\":\"ReadAction\",\"target\":[\"https:\\\/\\\/www.ffrdiabete.org\\\/en\\\/the-foundation\\\/our-organization\\\/\"]}]},{\"@type\":\"BreadcrumbList\",\"@id\":\"https:\\\/\\\/www.ffrdiabete.org\\\/en\\\/the-foundation\\\/our-organization\\\/#breadcrumb\",\"itemListElement\":[{\"@type\":\"ListItem\",\"position\":1,\"name\":\"Accueil\",\"item\":\"https:\\\/\\\/www.ffrdiabete.org\\\/en\\\/\"},{\"@type\":\"ListItem\",\"position\":2,\"name\":\"The foundation\",\"item\":\"https:\\\/\\\/www.ffrdiabete.org\\\/en\\\/the-foundation\\\/\"},{\"@type\":\"ListItem\",\"position\":3,\"name\":\"Our organization\"}]},{\"@type\":\"WebSite\",\"@id\":\"https:\\\/\\\/www.ffrdiabete.org\\\/en\\\/#website\",\"url\":\"https:\\\/\\\/www.ffrdiabete.org\\\/en\\\/\",\"name\":\"Fondation Francophone pour la Recherche sur le Diab\u00e8te - FFRD\",\"description\":\"Pour que la recherche sur le diab\u00e8te avance\",\"publisher\":{\"@id\":\"https:\\\/\\\/www.ffrdiabete.org\\\/en\\\/#organization\"},\"alternateName\":\"FFRD\",\"potentialAction\":[{\"@type\":\"SearchAction\",\"target\":{\"@type\":\"EntryPoint\",\"urlTemplate\":\"https:\\\/\\\/www.ffrdiabete.org\\\/en\\\/?s={search_term_string}\"},\"query-input\":{\"@type\":\"PropertyValueSpecification\",\"valueRequired\":true,\"valueName\":\"search_term_string\"}}],\"inLanguage\":\"en-US\"},{\"@type\":\"Organization\",\"@id\":\"https:\\\/\\\/www.ffrdiabete.org\\\/en\\\/#organization\",\"name\":\"Fondation Francophone pour la Recherche sur le Diab\u00e8te - FFRD\",\"alternateName\":\"FFRD\",\"url\":\"https:\\\/\\\/www.ffrdiabete.org\\\/en\\\/\",\"logo\":{\"@type\":\"ImageObject\",\"inLanguage\":\"en-US\",\"@id\":\"https:\\\/\\\/www.ffrdiabete.org\\\/en\\\/#\\\/schema\\\/logo\\\/image\\\/\",\"url\":\"https:\\\/\\\/www.ffrdiabete.org\\\/wp-content\\\/uploads\\\/2023\\\/08\\\/FFRD-logo-main-retrina.png\",\"contentUrl\":\"https:\\\/\\\/www.ffrdiabete.org\\\/wp-content\\\/uploads\\\/2023\\\/08\\\/FFRD-logo-main-retrina.png\",\"width\":462,\"height\":211,\"caption\":\"Fondation Francophone pour la Recherche sur le Diab\u00e8te - FFRD\"},\"image\":{\"@id\":\"https:\\\/\\\/www.ffrdiabete.org\\\/en\\\/#\\\/schema\\\/logo\\\/image\\\/\"},\"sameAs\":[\"https:\\\/\\\/x.com\\\/FondationFFRD\",\"https:\\\/\\\/www.linkedin.com\\\/company\\\/fondation-francophone-pour-la-recherche-sur-le-diabte---ffrd\\\/\"]}]}<\/script>\n<!-- \/ Yoast SEO plugin. -->","yoast_head_json":{"title":"Our organization - Fondation Francophone pour la Recherche sur le Diab\u00e8te - FFRD","description":"The FFRD consists of a Bureau with 5 members, a Scientific Council with 16 members, and a Board of Directors with a Government Commissioner.","robots":{"index":"index","follow":"follow","max-snippet":"max-snippet:-1","max-image-preview":"max-image-preview:large","max-video-preview":"max-video-preview:-1"},"canonical":"https:\/\/www.ffrdiabete.org\/en\/the-foundation\/our-organization\/","og_locale":"en_US","og_type":"article","og_title":"Our organization - Fondation Francophone pour la Recherche sur le Diab\u00e8te - FFRD","og_description":"The FFRD consists of a Bureau with 5 members, a Scientific Council with 16 members, and a Board of Directors with a Government Commissioner.","og_url":"https:\/\/www.ffrdiabete.org\/en\/the-foundation\/our-organization\/","og_site_name":"Fondation Francophone pour la Recherche sur le Diab\u00e8te - FFRD","article_modified_time":"2023-12-18T12:48:25+00:00","og_image":[{"width":1200,"height":675,"url":"https:\/\/www.ffrdiabete.org\/wp-content\/uploads\/2023\/12\/Fondation-Francophone-pour-la-Recherche-sur-le-Diabete-FFRD.jpeg","type":"image\/jpeg"}],"twitter_card":"summary_large_image","twitter_site":"@FondationFFRD","twitter_misc":{"Est. reading time":"1 minute"},"schema":{"@context":"https:\/\/schema.org","@graph":[{"@type":"WebPage","@id":"https:\/\/www.ffrdiabete.org\/en\/the-foundation\/our-organization\/","url":"https:\/\/www.ffrdiabete.org\/en\/the-foundation\/our-organization\/","name":"Our organization - Fondation Francophone pour la Recherche sur le Diab\u00e8te - FFRD","isPartOf":{"@id":"https:\/\/www.ffrdiabete.org\/en\/#website"},"datePublished":"2023-11-27T13:01:06+00:00","dateModified":"2023-12-18T12:48:25+00:00","description":"The FFRD consists of a Bureau with 5 members, a Scientific Council with 16 members, and a Board of Directors with a Government Commissioner.","breadcrumb":{"@id":"https:\/\/www.ffrdiabete.org\/en\/the-foundation\/our-organization\/#breadcrumb"},"inLanguage":"en-US","potentialAction":[{"@type":"ReadAction","target":["https:\/\/www.ffrdiabete.org\/en\/the-foundation\/our-organization\/"]}]},{"@type":"BreadcrumbList","@id":"https:\/\/www.ffrdiabete.org\/en\/the-foundation\/our-organization\/#breadcrumb","itemListElement":[{"@type":"ListItem","position":1,"name":"Accueil","item":"https:\/\/www.ffrdiabete.org\/en\/"},{"@type":"ListItem","position":2,"name":"The foundation","item":"https:\/\/www.ffrdiabete.org\/en\/the-foundation\/"},{"@type":"ListItem","position":3,"name":"Our organization"}]},{"@type":"WebSite","@id":"https:\/\/www.ffrdiabete.org\/en\/#website","url":"https:\/\/www.ffrdiabete.org\/en\/","name":"Fondation Francophone pour la Recherche sur le Diab\u00e8te - FFRD","description":"Pour que la recherche sur le diab\u00e8te avance","publisher":{"@id":"https:\/\/www.ffrdiabete.org\/en\/#organization"},"alternateName":"FFRD","potentialAction":[{"@type":"SearchAction","target":{"@type":"EntryPoint","urlTemplate":"https:\/\/www.ffrdiabete.org\/en\/?s={search_term_string}"},"query-input":{"@type":"PropertyValueSpecification","valueRequired":true,"valueName":"search_term_string"}}],"inLanguage":"en-US"},{"@type":"Organization","@id":"https:\/\/www.ffrdiabete.org\/en\/#organization","name":"Fondation Francophone pour la Recherche sur le Diab\u00e8te - FFRD","alternateName":"FFRD","url":"https:\/\/www.ffrdiabete.org\/en\/","logo":{"@type":"ImageObject","inLanguage":"en-US","@id":"https:\/\/www.ffrdiabete.org\/en\/#\/schema\/logo\/image\/","url":"https:\/\/www.ffrdiabete.org\/wp-content\/uploads\/2023\/08\/FFRD-logo-main-retrina.png","contentUrl":"https:\/\/www.ffrdiabete.org\/wp-content\/uploads\/2023\/08\/FFRD-logo-main-retrina.png","width":462,"height":211,"caption":"Fondation Francophone pour la Recherche sur le Diab\u00e8te - FFRD"},"image":{"@id":"https:\/\/www.ffrdiabete.org\/en\/#\/schema\/logo\/image\/"},"sameAs":["https:\/\/x.com\/FondationFFRD","https:\/\/www.linkedin.com\/company\/fondation-francophone-pour-la-recherche-sur-le-diabte---ffrd\/"]}]}},"_links":{"self":[{"href":"https:\/\/www.ffrdiabete.org\/en\/wp-json\/wp\/v2\/pages\/2030","targetHints":{"allow":["GET"]}}],"collection":[{"href":"https:\/\/www.ffrdiabete.org\/en\/wp-json\/wp\/v2\/pages"}],"about":[{"href":"https:\/\/www.ffrdiabete.org\/en\/wp-json\/wp\/v2\/types\/page"}],"author":[{"embeddable":true,"href":"https:\/\/www.ffrdiabete.org\/en\/wp-json\/wp\/v2\/users\/1"}],"replies":[{"embeddable":true,"href":"https:\/\/www.ffrdiabete.org\/en\/wp-json\/wp\/v2\/comments?post=2030"}],"version-history":[{"count":16,"href":"https:\/\/www.ffrdiabete.org\/en\/wp-json\/wp\/v2\/pages\/2030\/revisions"}],"predecessor-version":[{"id":4870,"href":"https:\/\/www.ffrdiabete.org\/en\/wp-json\/wp\/v2\/pages\/2030\/revisions\/4870"}],"up":[{"embeddable":true,"href":"https:\/\/www.ffrdiabete.org\/en\/wp-json\/wp\/v2\/pages\/2119"}],"wp:attachment":[{"href":"https:\/\/www.ffrdiabete.org\/en\/wp-json\/wp\/v2\/media?parent=2030"}],"curies":[{"name":"wp","href":"https:\/\/api.w.org\/{rel}","templated":true}]}}