{"id":1875,"date":"2023-10-11T16:20:09","date_gmt":"2023-10-11T14:20:09","guid":{"rendered":"https:\/\/ffrd.o3creative.fr\/press-communication\/"},"modified":"2025-05-07T18:17:20","modified_gmt":"2025-05-07T16:17:20","slug":"press-communication","status":"publish","type":"page","link":"https:\/\/www.ffrdiabete.org\/en\/press-communication\/","title":{"rendered":"Press \/ Communication"},"content":{"rendered":"<div class=\"wpb-content-wrapper\"><p>[vc_row height=&#8221;64px&#8221;][vc_column][ffrd_title title_level=&#8221;2&#8243; title_align=&#8221;title_align_left&#8221;]Press \/ Communication[\/ffrd_title][vc_empty_space height=&#8221;64px&#8221;][vc_column_text]Find <strong>all the institutional and press communication<\/strong> from the Francophone Foundation for Diabetes Research.<\/p>\n<p>Since 2013, the research projects supported by the Foundation aim to better understand the epidemiology and pathophysiology of diabetes and its complications, assess the effectiveness of treatment, and advance fundamental research on the disease to achieve better management of diabetic patients.<\/p>\n<p>As a recognized public utility foundation, FFRD aims to improve knowledge of diabetes and reduce the burden of its complications through all the projects it finances.<\/p>\n<p>Discover our <strong>institutional brochure<\/strong>, our <strong>press releases<\/strong> announcing the winners of the FFRD research grants each year, and the <strong>press coverage<\/strong> that follows.[\/vc_column_text][\/vc_column][\/vc_row][vc_row height=&#8221;64px&#8221; el_id=&#8221;press-articles&#8221;][vc_column][vc_empty_space height=&#8221;64px&#8221;][ffrd_title title_level=&#8221;3&#8243; title_align=&#8221;title_align_right&#8221;]Press Articles[\/ffrd_title][vc_empty_space][vc_column_text]The press is talking about the <strong>Francophone Foundation for Diabetes Research.<\/strong>[\/vc_column_text][vc_empty_space][vc_basic_grid post_type=&#8221;articles_presse&#8221; max_items=&#8221;-1&#8243; style=&#8221;pagination&#8221; items_per_page=&#8221;4&#8243; element_width=&#8221;3&#8243; paging_design=&#8221;pagination_rounded&#8221; paging_color=&#8221;black&#8221; item=&#8221;1837&#8243; grid_id=&#8221;vc_gid:1745930248074-a39232d8-5ac9-2&#8243; el_class=&#8221;articles_presse_grid&#8221;][\/vc_column][\/vc_row][vc_row height=&#8221;64px&#8221; el_id=&#8221;publications&#8221;][vc_column][vc_empty_space height=&#8221;64px&#8221;][ffrd_title title_level=&#8221;3&#8243; title_align=&#8221;title_align_left&#8221;]Scientific publications[\/ffrd_title][vc_empty_space][vc_column_text css=&#8221;&#8221;]Since 2013, <strong>the Francophone Foundation for Diabetes Research has been supporting dedicated researchers who push the boundaries of knowledge about diabetes.<\/strong><\/p>\n<p>Whether in <strong>fundamental, clinical, or translational research<\/strong>, the supported projects have enabled <strong>major advances in the understanding, diagnosis, and treatment of this complex disease<\/strong>, thereby highlighting the richness and impact of the work carried out by these Francophone researchers.<\/p>\n<p>&nbsp;<\/p>\n<p>To date, <strong>numerous scientific publications<\/strong> stemming from these projects have appeared <strong>in leading international journals<\/strong> (Molecular metabolism, Diabetologia, Diabetes Journals, Journal of Clinical Investigation-JCI, ASMBM, Cells, Scientific Reports&#8230;), confirming the <strong>excellence of this research<\/strong> and the <strong>recognition of our awardees<\/strong> within the scientific community, and demonstrating the <strong>tangible impact of this work on science and<\/strong>, in the near future, <strong>on patients with diabetes<\/strong>.[\/vc_column_text][vc_empty_space][vc_basic_grid post_type=&#8221;publications&#8221; max_items=&#8221;-1&#8243; style=&#8221;pagination&#8221; items_per_page=&#8221;4&#8243; element_width=&#8221;3&#8243; orderby=&#8221;meta_value_num&#8221; paging_design=&#8221;pagination_rounded&#8221; paging_color=&#8221;black&#8221; item=&#8221;6225&#8243; css=&#8221;&#8221; grid_id=&#8221;vc_gid:1745930248077-379ed8d2-12b3-4&#8243; el_class=&#8221;articles_presse_grid&#8221; meta_key=&#8221;date_publications&#8221;][\/vc_column][\/vc_row][vc_row height=&#8221;64px&#8221; el_id=&#8221;press-releases&#8221;][vc_column][vc_empty_space height=&#8221;64px&#8221;][ffrd_title title_level=&#8221;3&#8243; title_align=&#8221;title_align_right&#8221;]Press releases[\/ffrd_title][vc_empty_space][vc_column_text]Discover all press releases from the <strong>Francophone Foundation for Diabetes Research.<\/strong>[\/vc_column_text][vc_empty_space][vc_basic_grid post_type=&#8221;communiques&#8221; max_items=&#8221;-1&#8243; style=&#8221;pagination&#8221; items_per_page=&#8221;4&#8243; element_width=&#8221;3&#8243; gap=&#8221;35&#8243; paging_design=&#8221;pagination_rounded&#8221; paging_color=&#8221;black&#8221; item=&#8221;495&#8243; initial_loading_animation=&#8221;none&#8221; grid_id=&#8221;vc_gid:1745930248078-83f56e18-3414-9&#8243; el_class=&#8221;communiques_grid&#8221;][\/vc_column][\/vc_row][vc_row el_id=&#8221;reports&#8221;][vc_column][vc_empty_space height=&#8221;64px&#8221;][ffrd_title title_level=&#8221;3&#8243; title_align=&#8221;title_align_left&#8221;]Activity reports[\/ffrd_title][vc_empty_space][vc_column_text]The Foundation is committed to providing <b>complete transparency on the use of its funds<\/b>, which is why:<\/p>\n<ul>\n<li>A government commissioner sits on its Board of Directors and attends all its meetings.<\/li>\n<li>Accountants, certified public accountants, and auditors annually follow and audit the accounts of the Foundation.<\/li>\n<li>All activity reports and financial reports are available transparently on our website (below).<\/li>\n<\/ul>\n<p>[\/vc_column_text][vc_empty_space][ffrd_rapports title_align_first=&#8221;title_align_left&#8221;]<style type=\"text\/css\" data-type=\"the7_shortcodes-inline-css\">#default-btn-d6c384cbf8e1b6bed69b607a350afa74.ico-right-side > i {\n  margin-right: 0px;\n  margin-left: 8px;\n}\n#default-btn-d6c384cbf8e1b6bed69b607a350afa74 > i {\n  margin-right: 8px;\n}<\/style><div class=\"btn-align-center\"><a href=\"#\" class=\"default-btn-shortcode dt-btn dt-btn-m link-hover-off archives_button \" id=\"default-btn-d6c384cbf8e1b6bed69b607a350afa74\"><span>View reports archives<\/span><\/a><\/div>[vc_empty_space height=&#8221;64px&#8221;][vc_row_inner el_class=&#8221;archives&#8221;][vc_column_inner][ffrd_title title_level=&#8221;4&#8243; title_align=&#8221;title_align_left&#8221;]Activity reports archives[\/ffrd_title][vc_empty_space][vc_column_text]Consult the archives of previous activity reports:[\/vc_column_text][ffrd_rapports rapports_archives=&#8221;true&#8221; title_align_first=&#8221;title_align_right&#8221;][\/vc_column_inner][\/vc_row_inner][\/vc_column][\/vc_row][vc_row el_id=&#8221;video&#8221;][vc_column][vc_empty_space][ffrd_title title_level=&#8221;3&#8243; title_align=&#8221;title_align_right&#8221;]Our institutional video[\/ffrd_title][vc_empty_space][vc_row_inner][vc_column_inner width=&#8221;1\/3&#8243;][vc_custom_heading text=&#8221;Our institutional video&#8221; font_container=&#8221;tag:div|font_size:20px|text_align:left|line_height:30px&#8221; google_fonts=&#8221;font_family:Montserrat%3Aregular%2C700|font_style:700%20bold%20regular%3A700%3Anormal&#8221;][vc_empty_space][vc_column_text css=&#8221;&#8221;]Discover our short institutional video&#8230;<\/p>\n<p>The FFRD has approved a regional <strong>TV campaign<\/strong> (multi-screen) with the MyTF1 group.<\/p>\n<p>Ce spot de 20 secondes a \u00e9t\u00e9 diffus\u00e9 devant les programmes phares du <strong>groupe TF1<\/strong> qui sont regard\u00e9s en replay (The Voice, Danse avec les Stars, Koh-Lanta, Quotidien, Automoto, T\u00e9l\u00e9foot&#8230;)<\/p>\n<p>It&#8217;s 1,500 hours of video available on replay, with 14 million unique visitors each month on the multi-screen platform.<\/p>\n<p>Et vous ? L&#8217;avez-vous vue ?[\/vc_column_text][\/vc_column_inner][vc_column_inner width=&#8221;2\/3&#8243;][vc_raw_html]PHZpZGVvIGNvbnRyb2xzPSIiIHdpZHRoPSIxMDAlIj4KICA8c291cmNlIHNyYz0iL3dwLWNvbnRlbnQvdXBsb2Fkcy8yMDIzLzEyL01ZLVRGMS1GRlJELUZvbmRhdGlvbi1GcmFuY29waG9uZS1wb3VyLWxhLXJlY2hlcmNoZS1zdXItbGUtZGlhYmV0ZS5tcDQiIHR5cGU9InZpZGVvL21wNCI+PC9zb3VyY2U+CiAgPHA+CiBZb3VyIGJyb3dzZXIgZG9lcyBub3Qgc3VwcG9ydCBIVE1MNSB2aWRlby4gPGEgaHJlZj0iaHR0cHM6Ly9mZnJkLm8zY3JlYXRpdmUuZnIvd3AtY29udGVudC91cGxvYWRzLzIwMjMvMTIvTVktVEYxLUZGUkQtRm9uZGF0aW9uLUZyYW5jb3Bob25lLXBvdXItbGEtcmVjaGVyY2hlLXN1ci1sZS1kaWFiZXRlLm1wNCI+SGVyZSBpcyBhIGxpbmsgdG8gZG93bmxvYWQgdGhlIHZpZGVvLjwvYT4KICA8L3A+CjwvdmlkZW8+Cg==[\/vc_raw_html][\/vc_column_inner][\/vc_row_inner][\/vc_column][\/vc_row][vc_row el_id=&#8221;institutional&#8221;][vc_column][vc_empty_space][ffrd_title title_level=&#8221;3&#8243; title_align=&#8221;title_align_left&#8221;]Institutional Communication[\/ffrd_title][vc_empty_space][vc_row_inner equal_height=&#8221;yes&#8221; content_placement=&#8221;middle&#8221; gap=&#8221;35&#8243;][vc_column_inner width=&#8221;1\/6&#8243; offset=&#8221;vc_hidden-xs&#8221;][\/vc_column_inner][vc_column_inner width=&#8221;1\/3&#8243; css=&#8221;.vc_custom_1702389999849{padding: 64px !important;}&#8221;][vc_single_image image=&#8221;2894&#8243; img_size=&#8221;full&#8221; alignment=&#8221;center&#8221; onclick=&#8221;custom_link&#8221; img_link_target=&#8221;_blank&#8221; css=&#8221;.vc_custom_1738243214724{border-top-width: 1px !important;border-right-width: 1px !important;border-bottom-width: 1px !important;border-left-width: 1px !important;border-left-style: solid !important;border-right-style: solid !important;border-top-style: solid !important;border-bottom-style: solid !important;border-color: #111111 !important;}&#8221; image_hovers=&#8221;false&#8221; link=&#8221;https:\/\/www.ffrdiabete.org\/wp-content\/uploads\/2025\/01\/FFRD_Brochure_Institutionnelle_2025.pdf&#8221;][\/vc_column_inner][vc_column_inner width=&#8221;1\/3&#8243;][vc_custom_heading text=&#8221;Our Institutional Brochure&#8221; font_container=&#8221;tag:div|font_size:20px|text_align:right|line_height:30px&#8221; google_fonts=&#8221;font_family:Montserrat%3Aregular%2C700|font_style:700%20bold%20regular%3A700%3Anormal&#8221;][vc_empty_space][vc_column_text]<\/p>\n<p style=\"text-align: right;\">Discover our institutional brochure, which reflects our <strong>commitment to transparency and innovation<\/strong>, as well as our intention to communicate on our fundamental values of integrity and commitment to <strong>the research of excellence<\/strong>.<\/p>\n<p style=\"text-align: right;\">We share the successes of our laureates and highlight their <strong>innovative projects<\/strong> that we support.<\/p>\n<p style=\"text-align: right;\">We strive to build a better future, full of successes and innovations that will solidify our position as a <strong>key player in the fight against diabetes<\/strong><\/p>\n<p>[\/vc_column_text][vc_empty_space]<style type=\"text\/css\" data-type=\"the7_shortcodes-inline-css\">#default-btn-a53324a5ae49c667e29d891142fcb1a6.ico-right-side > i {\n  margin-right: 0px;\n  margin-left: 8px;\n}\n#default-btn-a53324a5ae49c667e29d891142fcb1a6 > i {\n  margin-right: 8px;\n}<\/style><div class=\"btn-align-center\"><a href=\"https:\/\/www.ffrdiabete.org\/wp-content\/uploads\/2025\/01\/FFRD_Brochure_Institutionnelle_2025.pdf\" class=\"default-btn-shortcode dt-btn dt-btn-m link-hover-off \" target=\"_blank\" id=\"default-btn-a53324a5ae49c667e29d891142fcb1a6\" rel=\"noopener\"><span>Download the brochure<\/span><\/a><\/div>[\/vc_column_inner][vc_column_inner width=&#8221;1\/6&#8243; offset=&#8221;vc_hidden-xs&#8221;][\/vc_column_inner][\/vc_row_inner][\/vc_column][\/vc_row]<\/p>\n<\/div>","protected":false},"excerpt":{"rendered":"<p>[vc_row height=&#8221;64px&#8221;][vc_column][ffrd_title title_level=&#8221;2&#8243; title_align=&#8221;title_align_left&#8221;]Press \/ Communication[\/ffrd_title][vc_empty_space height=&#8221;64px&#8221;][vc_column_text]Find all the institutional and press communication from the Francophone Foundation for Diabetes Research. Since 2013, the research projects supported by the Foundation aim to better understand the epidemiology and pathophysiology of diabetes and its complications, assess the effectiveness of treatment, and advance fundamental research on the disease to&hellip;<\/p>\n","protected":false},"author":1,"featured_media":0,"parent":0,"menu_order":6,"comment_status":"closed","ping_status":"closed","template":"","meta":{"_acf_changed":false,"footnotes":""},"class_list":["post-1875","page","type-page","status-publish","hentry","description-off"],"acf":[],"yoast_head":"<!-- This site is optimized with the Yoast SEO plugin v27.4 - https:\/\/yoast.com\/product\/yoast-seo-wordpress\/ -->\n<title>Press \/ Communication - Fondation Francophone pour la Recherche sur le Diab\u00e8te - FFRD<\/title>\n<meta name=\"description\" content=\"The FFRD is featured in the press, discover press articles, the institutional brochure, and activity reports.\" \/>\n<meta name=\"robots\" content=\"index, follow, max-snippet:-1, max-image-preview:large, max-video-preview:-1\" \/>\n<link rel=\"canonical\" href=\"https:\/\/www.ffrdiabete.org\/en\/press-communication\/\" \/>\n<meta property=\"og:locale\" content=\"en_US\" \/>\n<meta property=\"og:type\" content=\"article\" \/>\n<meta property=\"og:title\" content=\"Press \/ Communication - Fondation Francophone pour la Recherche sur le Diab\u00e8te - FFRD\" \/>\n<meta property=\"og:description\" content=\"The FFRD is featured in the press, discover press articles, the institutional brochure, and activity reports.\" \/>\n<meta property=\"og:url\" content=\"https:\/\/www.ffrdiabete.org\/en\/press-communication\/\" \/>\n<meta property=\"og:site_name\" content=\"Fondation Francophone pour la Recherche sur le Diab\u00e8te - FFRD\" \/>\n<meta property=\"article:modified_time\" content=\"2025-05-07T16:17:20+00:00\" \/>\n<meta property=\"og:image\" content=\"https:\/\/www.ffrdiabete.org\/wp-content\/uploads\/2023\/12\/Fondation-Francophone-pour-la-Recherche-sur-le-Diabete-FFRD.jpeg\" \/>\n\t<meta property=\"og:image:width\" content=\"1200\" \/>\n\t<meta property=\"og:image:height\" content=\"675\" \/>\n\t<meta property=\"og:image:type\" content=\"image\/jpeg\" \/>\n<meta name=\"twitter:card\" content=\"summary_large_image\" \/>\n<meta name=\"twitter:site\" content=\"@FondationFFRD\" \/>\n<meta name=\"twitter:label1\" content=\"Est. reading time\" \/>\n\t<meta name=\"twitter:data1\" content=\"4 minutes\" \/>\n<script type=\"application\/ld+json\" class=\"yoast-schema-graph\">{\"@context\":\"https:\\\/\\\/schema.org\",\"@graph\":[{\"@type\":\"WebPage\",\"@id\":\"https:\\\/\\\/www.ffrdiabete.org\\\/en\\\/press-communication\\\/\",\"url\":\"https:\\\/\\\/www.ffrdiabete.org\\\/en\\\/press-communication\\\/\",\"name\":\"Press \\\/ Communication - Fondation Francophone pour la Recherche sur le Diab\u00e8te - FFRD\",\"isPartOf\":{\"@id\":\"https:\\\/\\\/www.ffrdiabete.org\\\/en\\\/#website\"},\"datePublished\":\"2023-10-11T14:20:09+00:00\",\"dateModified\":\"2025-05-07T16:17:20+00:00\",\"description\":\"The FFRD is featured in the press, discover press articles, the institutional brochure, and activity reports.\",\"breadcrumb\":{\"@id\":\"https:\\\/\\\/www.ffrdiabete.org\\\/en\\\/press-communication\\\/#breadcrumb\"},\"inLanguage\":\"en-US\",\"potentialAction\":[{\"@type\":\"ReadAction\",\"target\":[\"https:\\\/\\\/www.ffrdiabete.org\\\/en\\\/press-communication\\\/\"]}]},{\"@type\":\"BreadcrumbList\",\"@id\":\"https:\\\/\\\/www.ffrdiabete.org\\\/en\\\/press-communication\\\/#breadcrumb\",\"itemListElement\":[{\"@type\":\"ListItem\",\"position\":1,\"name\":\"Accueil\",\"item\":\"https:\\\/\\\/www.ffrdiabete.org\\\/en\\\/\"},{\"@type\":\"ListItem\",\"position\":2,\"name\":\"Press \\\/ Communication\"}]},{\"@type\":\"WebSite\",\"@id\":\"https:\\\/\\\/www.ffrdiabete.org\\\/en\\\/#website\",\"url\":\"https:\\\/\\\/www.ffrdiabete.org\\\/en\\\/\",\"name\":\"Fondation Francophone pour la Recherche sur le Diab\u00e8te - FFRD\",\"description\":\"Pour que la recherche sur le diab\u00e8te avance\",\"publisher\":{\"@id\":\"https:\\\/\\\/www.ffrdiabete.org\\\/en\\\/#organization\"},\"alternateName\":\"FFRD\",\"potentialAction\":[{\"@type\":\"SearchAction\",\"target\":{\"@type\":\"EntryPoint\",\"urlTemplate\":\"https:\\\/\\\/www.ffrdiabete.org\\\/en\\\/?s={search_term_string}\"},\"query-input\":{\"@type\":\"PropertyValueSpecification\",\"valueRequired\":true,\"valueName\":\"search_term_string\"}}],\"inLanguage\":\"en-US\"},{\"@type\":\"Organization\",\"@id\":\"https:\\\/\\\/www.ffrdiabete.org\\\/en\\\/#organization\",\"name\":\"Fondation Francophone pour la Recherche sur le Diab\u00e8te - FFRD\",\"alternateName\":\"FFRD\",\"url\":\"https:\\\/\\\/www.ffrdiabete.org\\\/en\\\/\",\"logo\":{\"@type\":\"ImageObject\",\"inLanguage\":\"en-US\",\"@id\":\"https:\\\/\\\/www.ffrdiabete.org\\\/en\\\/#\\\/schema\\\/logo\\\/image\\\/\",\"url\":\"https:\\\/\\\/www.ffrdiabete.org\\\/wp-content\\\/uploads\\\/2023\\\/08\\\/FFRD-logo-main-retrina.png\",\"contentUrl\":\"https:\\\/\\\/www.ffrdiabete.org\\\/wp-content\\\/uploads\\\/2023\\\/08\\\/FFRD-logo-main-retrina.png\",\"width\":462,\"height\":211,\"caption\":\"Fondation Francophone pour la Recherche sur le Diab\u00e8te - FFRD\"},\"image\":{\"@id\":\"https:\\\/\\\/www.ffrdiabete.org\\\/en\\\/#\\\/schema\\\/logo\\\/image\\\/\"},\"sameAs\":[\"https:\\\/\\\/x.com\\\/FondationFFRD\",\"https:\\\/\\\/www.linkedin.com\\\/company\\\/fondation-francophone-pour-la-recherche-sur-le-diabte---ffrd\\\/\"]}]}<\/script>\n<!-- \/ Yoast SEO plugin. -->","yoast_head_json":{"title":"Press \/ Communication - Fondation Francophone pour la Recherche sur le Diab\u00e8te - FFRD","description":"The FFRD is featured in the press, discover press articles, the institutional brochure, and activity reports.","robots":{"index":"index","follow":"follow","max-snippet":"max-snippet:-1","max-image-preview":"max-image-preview:large","max-video-preview":"max-video-preview:-1"},"canonical":"https:\/\/www.ffrdiabete.org\/en\/press-communication\/","og_locale":"en_US","og_type":"article","og_title":"Press \/ Communication - Fondation Francophone pour la Recherche sur le Diab\u00e8te - FFRD","og_description":"The FFRD is featured in the press, discover press articles, the institutional brochure, and activity reports.","og_url":"https:\/\/www.ffrdiabete.org\/en\/press-communication\/","og_site_name":"Fondation Francophone pour la Recherche sur le Diab\u00e8te - FFRD","article_modified_time":"2025-05-07T16:17:20+00:00","og_image":[{"width":1200,"height":675,"url":"https:\/\/www.ffrdiabete.org\/wp-content\/uploads\/2023\/12\/Fondation-Francophone-pour-la-Recherche-sur-le-Diabete-FFRD.jpeg","type":"image\/jpeg"}],"twitter_card":"summary_large_image","twitter_site":"@FondationFFRD","twitter_misc":{"Est. reading time":"4 minutes"},"schema":{"@context":"https:\/\/schema.org","@graph":[{"@type":"WebPage","@id":"https:\/\/www.ffrdiabete.org\/en\/press-communication\/","url":"https:\/\/www.ffrdiabete.org\/en\/press-communication\/","name":"Press \/ Communication - Fondation Francophone pour la Recherche sur le Diab\u00e8te - FFRD","isPartOf":{"@id":"https:\/\/www.ffrdiabete.org\/en\/#website"},"datePublished":"2023-10-11T14:20:09+00:00","dateModified":"2025-05-07T16:17:20+00:00","description":"The FFRD is featured in the press, discover press articles, the institutional brochure, and activity reports.","breadcrumb":{"@id":"https:\/\/www.ffrdiabete.org\/en\/press-communication\/#breadcrumb"},"inLanguage":"en-US","potentialAction":[{"@type":"ReadAction","target":["https:\/\/www.ffrdiabete.org\/en\/press-communication\/"]}]},{"@type":"BreadcrumbList","@id":"https:\/\/www.ffrdiabete.org\/en\/press-communication\/#breadcrumb","itemListElement":[{"@type":"ListItem","position":1,"name":"Accueil","item":"https:\/\/www.ffrdiabete.org\/en\/"},{"@type":"ListItem","position":2,"name":"Press \/ Communication"}]},{"@type":"WebSite","@id":"https:\/\/www.ffrdiabete.org\/en\/#website","url":"https:\/\/www.ffrdiabete.org\/en\/","name":"Fondation Francophone pour la Recherche sur le Diab\u00e8te - FFRD","description":"Pour que la recherche sur le diab\u00e8te avance","publisher":{"@id":"https:\/\/www.ffrdiabete.org\/en\/#organization"},"alternateName":"FFRD","potentialAction":[{"@type":"SearchAction","target":{"@type":"EntryPoint","urlTemplate":"https:\/\/www.ffrdiabete.org\/en\/?s={search_term_string}"},"query-input":{"@type":"PropertyValueSpecification","valueRequired":true,"valueName":"search_term_string"}}],"inLanguage":"en-US"},{"@type":"Organization","@id":"https:\/\/www.ffrdiabete.org\/en\/#organization","name":"Fondation Francophone pour la Recherche sur le Diab\u00e8te - FFRD","alternateName":"FFRD","url":"https:\/\/www.ffrdiabete.org\/en\/","logo":{"@type":"ImageObject","inLanguage":"en-US","@id":"https:\/\/www.ffrdiabete.org\/en\/#\/schema\/logo\/image\/","url":"https:\/\/www.ffrdiabete.org\/wp-content\/uploads\/2023\/08\/FFRD-logo-main-retrina.png","contentUrl":"https:\/\/www.ffrdiabete.org\/wp-content\/uploads\/2023\/08\/FFRD-logo-main-retrina.png","width":462,"height":211,"caption":"Fondation Francophone pour la Recherche sur le Diab\u00e8te - FFRD"},"image":{"@id":"https:\/\/www.ffrdiabete.org\/en\/#\/schema\/logo\/image\/"},"sameAs":["https:\/\/x.com\/FondationFFRD","https:\/\/www.linkedin.com\/company\/fondation-francophone-pour-la-recherche-sur-le-diabte---ffrd\/"]}]}},"_links":{"self":[{"href":"https:\/\/www.ffrdiabete.org\/en\/wp-json\/wp\/v2\/pages\/1875","targetHints":{"allow":["GET"]}}],"collection":[{"href":"https:\/\/www.ffrdiabete.org\/en\/wp-json\/wp\/v2\/pages"}],"about":[{"href":"https:\/\/www.ffrdiabete.org\/en\/wp-json\/wp\/v2\/types\/page"}],"author":[{"embeddable":true,"href":"https:\/\/www.ffrdiabete.org\/en\/wp-json\/wp\/v2\/users\/1"}],"replies":[{"embeddable":true,"href":"https:\/\/www.ffrdiabete.org\/en\/wp-json\/wp\/v2\/comments?post=1875"}],"version-history":[{"count":45,"href":"https:\/\/www.ffrdiabete.org\/en\/wp-json\/wp\/v2\/pages\/1875\/revisions"}],"predecessor-version":[{"id":6462,"href":"https:\/\/www.ffrdiabete.org\/en\/wp-json\/wp\/v2\/pages\/1875\/revisions\/6462"}],"wp:attachment":[{"href":"https:\/\/www.ffrdiabete.org\/en\/wp-json\/wp\/v2\/media?parent=1875"}],"curies":[{"name":"wp","href":"https:\/\/api.w.org\/{rel}","templated":true}]}}